{"id":8459,"date":"2025-01-23T07:38:52","date_gmt":"2025-01-23T07:38:52","guid":{"rendered":"https:\/\/steriking.com\/?page_id=8459"},"modified":"2025-01-23T07:48:43","modified_gmt":"2025-01-23T07:48:43","slug":"bonded-wraps","status":"publish","type":"page","link":"https:\/\/steriking.com\/de\/einschlagboegen\/bonded-wraps\/","title":{"rendered":"Bonded Wraps"},"content":{"rendered":"<p>Steriking\u00ae Bonded Wraps bieten den Komfort einer einfachen Handhabung in Kombination mit einer un\u00fcbertroffenen Festigkeit, die die betriebliche Effizienz im Gesundheitswesen verbessert.<\/p>\n<p>&nbsp;<\/p>\n<p>Steriking\u00ae Bonded Wraps werden aus blauen und wei\u00dfen Polypropylen-B\u00f6gen hergestellt, die miteinander verschwei\u00dft sind.<\/p>\n<p>Steriking\u00ae Bonded Wraps wurde entwickelt, um den unterschiedlichen Anforderungen in Gesundheitseinrichtungen gerecht zu werden. Das Sortiment bietet verschiedene Materialkombinationen, St\u00e4rken und Gr\u00f6\u00dfen f\u00fcr die Verpackung von Instrumenten, Sets oder Instrumentensieben.<\/p>\n<p><a href=\"https:\/\/steriking.com\/wp-content\/uploads\/2024\/07\/STERIKING_Bonded-wraps_DE_brochure_v3.pdf\">Lesen Sie mehr<\/a><\/p>\n","protected":false},"excerpt":{"rendered":"<p>Steriking\u00ae Bonded Wraps bieten den Komfort einer einfachen Handhabung in Kombination mit einer un\u00fcbertroffenen Festigkeit, die die betriebliche Effizienz im Gesundheitswesen verbessert. &nbsp; Steriking\u00ae Bonded Wraps werden aus blauen und wei\u00dfen Polypropylen-B\u00f6gen hergestellt, die miteinander verschwei\u00dft sind. Steriking\u00ae Bonded Wraps wurde entwickelt, um den unterschiedlichen Anforderungen in Gesundheitseinrichtungen gerecht zu werden. Das Sortiment bietet verschiedene [&hellip;]<\/p>\n","protected":false},"author":4,"featured_media":8403,"parent":1171,"menu_order":0,"comment_status":"closed","ping_status":"closed","template":"page-templates\/main-template.php","meta":{"_acf_changed":false,"inline_featured_image":false,"footnotes":""},"class_list":["post-8459","page","type-page","status-publish","has-post-thumbnail","hentry"],"acf":[],"_links":{"self":[{"href":"https:\/\/steriking.com\/de\/wp-json\/wp\/v2\/pages\/8459","targetHints":{"allow":["GET"]}}],"collection":[{"href":"https:\/\/steriking.com\/de\/wp-json\/wp\/v2\/pages"}],"about":[{"href":"https:\/\/steriking.com\/de\/wp-json\/wp\/v2\/types\/page"}],"author":[{"embeddable":true,"href":"https:\/\/steriking.com\/de\/wp-json\/wp\/v2\/users\/4"}],"replies":[{"embeddable":true,"href":"https:\/\/steriking.com\/de\/wp-json\/wp\/v2\/comments?post=8459"}],"version-history":[{"count":3,"href":"https:\/\/steriking.com\/de\/wp-json\/wp\/v2\/pages\/8459\/revisions"}],"predecessor-version":[{"id":8462,"href":"https:\/\/steriking.com\/de\/wp-json\/wp\/v2\/pages\/8459\/revisions\/8462"}],"up":[{"embeddable":true,"href":"https:\/\/steriking.com\/de\/wp-json\/wp\/v2\/pages\/1171"}],"wp:featuredmedia":[{"embeddable":true,"href":"https:\/\/steriking.com\/de\/wp-json\/wp\/v2\/media\/8403"}],"wp:attachment":[{"href":"https:\/\/steriking.com\/de\/wp-json\/wp\/v2\/media?parent=8459"}],"curies":[{"name":"wp","href":"https:\/\/api.w.org\/{rel}","templated":true}]}}