{"id":8531,"date":"2025-01-29T07:38:21","date_gmt":"2025-01-29T07:38:21","guid":{"rendered":"https:\/\/steriking.com\/?page_id=8531"},"modified":"2025-01-29T07:38:21","modified_gmt":"2025-01-29T07:38:21","slug":"bonded-wraps","status":"publish","type":"page","link":"https:\/\/steriking.com\/es\/panos-de-envoltura\/bonded-wraps\/","title":{"rendered":"Bonded Wraps"},"content":{"rendered":"<p>Las envolturas adhesivas Steriking\u00ae ofrecen la comodidad de una manipulaci\u00f3n sencilla combinada con una resistencia inigualable, lo que mejora la eficacia operativa en los entornos sanitarios.<\/p>\n<p>Los productos Steriking\u00ae Bonded Wrap se fabrican a partir de l\u00e1minas de envoltura azules y blancas unidas entre s\u00ed.<\/p>\n<p>Dise\u00f1ada para satisfacer las diversas necesidades de los centros sanitarios, la gama de envolturas adhesivas Steriking\u00ae ofrece varias combinaciones de materiales, grosores y tama\u00f1os para el embalaje de instrumentos, juegos o bandejas de instrumental.<\/p>\n","protected":false},"excerpt":{"rendered":"<p>Las envolturas adhesivas Steriking\u00ae ofrecen la comodidad de una manipulaci\u00f3n sencilla combinada con una resistencia inigualable, lo que mejora la eficacia operativa en los entornos sanitarios. Los productos Steriking\u00ae Bonded Wrap se fabrican a partir de l\u00e1minas de envoltura azules y blancas unidas entre s\u00ed. Dise\u00f1ada para satisfacer las diversas necesidades de los centros sanitarios, [&hellip;]<\/p>\n","protected":false},"author":4,"featured_media":0,"parent":1172,"menu_order":0,"comment_status":"closed","ping_status":"closed","template":"page-templates\/main-template.php","meta":{"_acf_changed":false,"inline_featured_image":false,"footnotes":""},"class_list":["post-8531","page","type-page","status-publish","hentry"],"acf":[],"_links":{"self":[{"href":"https:\/\/steriking.com\/es\/wp-json\/wp\/v2\/pages\/8531","targetHints":{"allow":["GET"]}}],"collection":[{"href":"https:\/\/steriking.com\/es\/wp-json\/wp\/v2\/pages"}],"about":[{"href":"https:\/\/steriking.com\/es\/wp-json\/wp\/v2\/types\/page"}],"author":[{"embeddable":true,"href":"https:\/\/steriking.com\/es\/wp-json\/wp\/v2\/users\/4"}],"replies":[{"embeddable":true,"href":"https:\/\/steriking.com\/es\/wp-json\/wp\/v2\/comments?post=8531"}],"version-history":[{"count":1,"href":"https:\/\/steriking.com\/es\/wp-json\/wp\/v2\/pages\/8531\/revisions"}],"predecessor-version":[{"id":8532,"href":"https:\/\/steriking.com\/es\/wp-json\/wp\/v2\/pages\/8531\/revisions\/8532"}],"up":[{"embeddable":true,"href":"https:\/\/steriking.com\/es\/wp-json\/wp\/v2\/pages\/1172"}],"wp:attachment":[{"href":"https:\/\/steriking.com\/es\/wp-json\/wp\/v2\/media?parent=8531"}],"curies":[{"name":"wp","href":"https:\/\/api.w.org\/{rel}","templated":true}]}}