{"id":1090,"date":"2023-10-31T13:30:13","date_gmt":"2023-10-31T13:30:13","guid":{"rendered":"https:\/\/steriking1.scrinternal.ro\/sachets-et-gaines-de-sterilisation\/sachets-a-fermeture-auto-adhesive\/selbstklebebeutel-mit-indikatorstreifen\/"},"modified":"2024-02-12T11:29:10","modified_gmt":"2024-02-12T11:29:10","slug":"sachets-a-fermeture-auto-adhesive-avec-indicateur-chimique-integre","status":"publish","type":"page","link":"https:\/\/steriking.com\/fr\/sachets-et-gaines-de-sterilisation\/sachets-a-fermeture-auto-adhesive\/sachets-a-fermeture-auto-adhesive-avec-indicateur-chimique-integre\/","title":{"rendered":"Sachets \u00e0 fermeture auto-adh\u00e9sive avec indicateur chimique int\u00e9gr\u00e9"},"content":{"rendered":"","protected":false},"excerpt":{"rendered":"","protected":false},"author":1,"featured_media":0,"parent":1059,"menu_order":0,"comment_status":"closed","ping_status":"closed","template":"page-templates\/main-template.php","meta":{"_acf_changed":false,"inline_featured_image":false,"footnotes":""},"class_list":["post-1090","page","type-page","status-publish","hentry"],"acf":[],"_links":{"self":[{"href":"https:\/\/steriking.com\/fr\/wp-json\/wp\/v2\/pages\/1090","targetHints":{"allow":["GET"]}}],"collection":[{"href":"https:\/\/steriking.com\/fr\/wp-json\/wp\/v2\/pages"}],"about":[{"href":"https:\/\/steriking.com\/fr\/wp-json\/wp\/v2\/types\/page"}],"author":[{"embeddable":true,"href":"https:\/\/steriking.com\/fr\/wp-json\/wp\/v2\/users\/1"}],"replies":[{"embeddable":true,"href":"https:\/\/steriking.com\/fr\/wp-json\/wp\/v2\/comments?post=1090"}],"version-history":[{"count":2,"href":"https:\/\/steriking.com\/fr\/wp-json\/wp\/v2\/pages\/1090\/revisions"}],"predecessor-version":[{"id":4379,"href":"https:\/\/steriking.com\/fr\/wp-json\/wp\/v2\/pages\/1090\/revisions\/4379"}],"up":[{"embeddable":true,"href":"https:\/\/steriking.com\/fr\/wp-json\/wp\/v2\/pages\/1059"}],"wp:attachment":[{"href":"https:\/\/steriking.com\/fr\/wp-json\/wp\/v2\/media?parent=1090"}],"curies":[{"name":"wp","href":"https:\/\/api.w.org\/{rel}","templated":true}]}}