{"id":8533,"date":"2025-01-29T07:42:11","date_gmt":"2025-01-29T07:42:11","guid":{"rendered":"https:\/\/steriking.com\/?page_id=8533"},"modified":"2025-01-29T07:42:11","modified_gmt":"2025-01-29T07:42:11","slug":"bonded-wraps","status":"publish","type":"page","link":"https:\/\/steriking.com\/fr\/feuilles-demballage\/bonded-wraps\/","title":{"rendered":"Bonded Wraps"},"content":{"rendered":"<p>Nouveau produit : Enveloppes coll\u00e9es Steriking<\/p>\n<p>Les enveloppes coll\u00e9es Steriking\u00ae offrent le confort d&rsquo;une manipulation facile combin\u00e9e \u00e0 une r\u00e9sistance in\u00e9gal\u00e9e, am\u00e9liorant ainsi l&rsquo;efficacit\u00e9 op\u00e9rationnelle dans les \u00e9tablissements de sant\u00e9.<\/p>\n<p>Les produits Steriking\u00ae Bonded Wrap sont fabriqu\u00e9s \u00e0 partir de feuilles d&#8217;emballage bleues et blanches qui sont coll\u00e9es ensemble.<\/p>\n<p>Con\u00e7ue pour r\u00e9pondre aux divers besoins des \u00e9tablissements de sant\u00e9, la gamme d&rsquo;enveloppes coll\u00e9es Steriking\u00ae offre diff\u00e9rentes combinaisons de mat\u00e9riaux, d&rsquo;\u00e9paisseurs et de tailles pour l&#8217;emballage des instruments, des sets ou des plateaux d&rsquo;instruments.<\/p>\n<p><img loading=\"lazy\" decoding=\"async\" class=\"alignleft size-medium wp-image-8373\" src=\"https:\/\/steriking.com\/wp-content\/uploads\/2025\/01\/Bonded-wrap-handling-0520-PSv3-1-300x208.jpg\" alt=\"\" width=\"300\" height=\"208\" srcset=\"https:\/\/steriking.com\/wp-content\/uploads\/2025\/01\/Bonded-wrap-handling-0520-PSv3-1-300x208.jpg 300w, https:\/\/steriking.com\/wp-content\/uploads\/2025\/01\/Bonded-wrap-handling-0520-PSv3-1-1024x711.jpg 1024w, https:\/\/steriking.com\/wp-content\/uploads\/2025\/01\/Bonded-wrap-handling-0520-PSv3-1-768x534.jpg 768w, https:\/\/steriking.com\/wp-content\/uploads\/2025\/01\/Bonded-wrap-handling-0520-PSv3-1-1536x1067.jpg 1536w, https:\/\/steriking.com\/wp-content\/uploads\/2025\/01\/Bonded-wrap-handling-0520-PSv3-1-2048x1423.jpg 2048w\" sizes=\"auto, (max-width: 300px) 100vw, 300px\" \/><\/p>\n","protected":false},"excerpt":{"rendered":"<p>Nouveau produit : Enveloppes coll\u00e9es Steriking Les enveloppes coll\u00e9es Steriking\u00ae offrent le confort d&rsquo;une manipulation facile combin\u00e9e \u00e0 une r\u00e9sistance in\u00e9gal\u00e9e, am\u00e9liorant ainsi l&rsquo;efficacit\u00e9 op\u00e9rationnelle dans les \u00e9tablissements de sant\u00e9. Les produits Steriking\u00ae Bonded Wrap sont fabriqu\u00e9s \u00e0 partir de feuilles d&#8217;emballage bleues et blanches qui sont coll\u00e9es ensemble. Con\u00e7ue pour r\u00e9pondre aux divers besoins [&hellip;]<\/p>\n","protected":false},"author":4,"featured_media":0,"parent":1170,"menu_order":0,"comment_status":"closed","ping_status":"closed","template":"page-templates\/main-template.php","meta":{"_acf_changed":false,"inline_featured_image":false,"footnotes":""},"class_list":["post-8533","page","type-page","status-publish","hentry"],"acf":[],"_links":{"self":[{"href":"https:\/\/steriking.com\/fr\/wp-json\/wp\/v2\/pages\/8533","targetHints":{"allow":["GET"]}}],"collection":[{"href":"https:\/\/steriking.com\/fr\/wp-json\/wp\/v2\/pages"}],"about":[{"href":"https:\/\/steriking.com\/fr\/wp-json\/wp\/v2\/types\/page"}],"author":[{"embeddable":true,"href":"https:\/\/steriking.com\/fr\/wp-json\/wp\/v2\/users\/4"}],"replies":[{"embeddable":true,"href":"https:\/\/steriking.com\/fr\/wp-json\/wp\/v2\/comments?post=8533"}],"version-history":[{"count":1,"href":"https:\/\/steriking.com\/fr\/wp-json\/wp\/v2\/pages\/8533\/revisions"}],"predecessor-version":[{"id":8534,"href":"https:\/\/steriking.com\/fr\/wp-json\/wp\/v2\/pages\/8533\/revisions\/8534"}],"up":[{"embeddable":true,"href":"https:\/\/steriking.com\/fr\/wp-json\/wp\/v2\/pages\/1170"}],"wp:attachment":[{"href":"https:\/\/steriking.com\/fr\/wp-json\/wp\/v2\/media?parent=8533"}],"curies":[{"name":"wp","href":"https:\/\/api.w.org\/{rel}","templated":true}]}}